{"id":65,"date":"2025-03-24T22:15:42","date_gmt":"2025-03-24T22:15:42","guid":{"rendered":"https:\/\/www.kriol.es\/?page_id=65"},"modified":"2025-03-24T22:30:25","modified_gmt":"2025-03-24T22:30:25","slug":"contacto","status":"publish","type":"page","link":"https:\/\/www.kriol.es\/en\/contacto\/","title":{"rendered":"Contact"},"content":{"rendered":"<section class=\"l-section wpb_row height_medium\"><div class=\"l-section-h i-cf\"><div class=\"g-cols vc_row via_flex valign_top type_default stacking_default\"><div class=\"vc_col-sm-12 wpb_column vc_column_container\"><div class=\"vc_column-inner\"><div class=\"wpb_wrapper\"><div class=\"w-separator hide_on_default hide_on_laptops size_medium\"><\/div><div class=\"g-cols wpb_row via_flex valign_top type_default stacking_default\"><div class=\"vc_col-sm-8 wpb_column vc_column_container\"><div class=\"vc_column-inner us_custom_4ef5d869 us_animate_this\"><div class=\"wpb_wrapper\"><div class=\"w-separator size_small\"><\/div><div class=\"wpb_text_column us_custom_686d645b has_text_color\"><div class=\"wpb_wrapper\"><p>Let's Work Together<\/p>\n<\/div><\/div><div class=\"w-separator size_small\"><\/div><div class=\"wpb_text_column\"><div class=\"wpb_wrapper\"><p>Do you have a project in mind? Don't wait any longer to make it a reality. Contact us and discover how our team can transform your vision into a compelling audiovisual masterpiece.<\/p>\n<\/div><\/div><div class=\"w-separator size_small\"><\/div>\n<div class=\"wpcf7 no-js\" id=\"wpcf7-f26-o1\" lang=\"es-ES\" dir=\"ltr\" data-wpcf7-id=\"26\">\n<div class=\"screen-reader-response\"><p role=\"status\" aria-live=\"polite\" aria-atomic=\"true\"><\/p> <ul><\/ul><\/div>\n<form action=\"\/en\/wp-json\/wp\/v2\/pages\/65#wpcf7-f26-o1\" method=\"post\" class=\"wpcf7-form init\" aria-label=\"Formulario de contacto\" novalidate=\"novalidate\" data-status=\"init\" data-trp-original-action=\"\/en\/wp-json\/wp\/v2\/pages\/65#wpcf7-f26-o1\">\n<div style=\"display: none;\">\n<input type=\"hidden\" name=\"_wpcf7\" value=\"26\" \/>\n<input type=\"hidden\" name=\"_wpcf7_version\" value=\"6.0.5\" \/>\n<input type=\"hidden\" name=\"_wpcf7_locale\" value=\"es_ES\" \/>\n<input type=\"hidden\" name=\"_wpcf7_unit_tag\" value=\"wpcf7-f26-o1\" \/>\n<input type=\"hidden\" name=\"_wpcf7_container_post\" value=\"0\" \/>\n<input type=\"hidden\" name=\"_wpcf7_posted_data_hash\" value=\"\" \/>\n<\/div>\n<div id=\"responsive-form\" class=\"clearfix\">\n\t<div class=\"form-row\">\n\t\t<div class=\"column-half\">\n\t\t\t<p><span class=\"wpcf7-form-control-wrap\" data-name=\"nombres\"><input size=\"40\" maxlength=\"400\" class=\"wpcf7-form-control wpcf7-text wpcf7-validates-as-required\" aria-required=\"true\" aria-invalid=\"false\" placeholder=\"Name\" value=\"\" type=\"text\" name=\"nombres\" \/><\/span>\n\t\t\t<\/p>\n\t\t<\/div>\n\t\t<div class=\"column-half\">\n\t\t\t<p><span class=\"wpcf7-form-control-wrap\" data-name=\"correos\"><input size=\"40\" maxlength=\"400\" class=\"wpcf7-form-control wpcf7-email wpcf7-validates-as-required wpcf7-text wpcf7-validates-as-email\" aria-required=\"true\" aria-invalid=\"false\" placeholder=\"Email\" value=\"\" type=\"email\" name=\"correos\" \/><\/span>\n\t\t\t<\/p>\n\t\t<\/div>\n\t\t<p><span id=\"wpcf7-69ef3a0c4743a-wrapper\" class=\"wpcf7-form-control-wrap phone-wrap\" style=\"display:none !important; visibility:hidden !important;\"><label for=\"wpcf7-69ef3a0c4743a-field\" class=\"hp-message\">Por favor, deja este campo vac\u00edo.<\/label><input id=\"wpcf7-69ef3a0c4743a-field\"  class=\"wpcf7-form-control wpcf7-text\" type=\"text\" name=\"phone\" value=\"\" size=\"40\" tabindex=\"-1\" autocomplete=\"new-password\" \/><\/span>\n\t\t<\/p>\n\t<\/div>\n\t<div class=\"form-row\">\n\t\t<div class=\"column-full\">\n\t\t\t<p><span class=\"wpcf7-form-control-wrap\" data-name=\"mensajes\"><textarea cols=\"40\" rows=\"10\" maxlength=\"2000\" class=\"wpcf7-form-control wpcf7-textarea wpcf7-validates-as-required\" aria-required=\"true\" aria-invalid=\"false\" placeholder=\"Message\" name=\"mensajes\"><\/textarea><\/span>\n\t\t\t<\/p>\n\t\t<\/div>\n\t<\/div>\n\t<div class=\"form-row\">\n\t\t<div class=\"column-full\">\n\t\t\t<p><input class=\"wpcf7-form-control wpcf7-submit has-spinner\" type=\"submit\" value=\"Submit mesage\" \/>\n\t\t\t<\/p>\n\t\t<\/div>\n\t<\/div>\n<\/div>\n\n<!--end responsive-form--><div class=\"wpcf7-response-output\" aria-hidden=\"true\"><\/div>\n<input type=\"hidden\" name=\"trp-form-language\" value=\"en\"\/><\/form>\n<\/div>\n<\/div><\/div><\/div><div class=\"vc_col-sm-4 wpb_column vc_column_container\"><div class=\"vc_column-inner us_custom_3e9d1bc9 us_animate_this type_sticky\"><div class=\"wpb_wrapper\"><div class=\"w-separator size_large\"><\/div><div class=\"w-iconbox us_custom_cb3788d8 iconpos_left style_circle color_primary align_left\"><div class=\"w-iconbox-icon\" style=\"font-size:1.5rem;\"><i class=\"fal fa-envelope\"><\/i><\/div><div class=\"w-iconbox-meta\"><h4 class=\"w-iconbox-title\">Email<\/h4><div class=\"w-iconbox-text\"><p>info@kriol.es<\/p>\n<\/div><\/div><\/div><div class=\"w-separator size_small\"><\/div><div class=\"w-iconbox us_custom_cb3788d8 iconpos_left style_circle color_primary align_left\"><div class=\"w-iconbox-icon\" style=\"font-size:1.5rem;\"><i class=\"fal fa-map-marker-alt\"><\/i><\/div><div class=\"w-iconbox-meta\"><h4 class=\"w-iconbox-title\">Address<\/h4><div class=\"w-iconbox-text\"><p>Pla\u00e7a de l&#8217;Hort dels Escribano, 2, 12500 Vinar\u00f2s, Castell\u00f3, Espa\u00f1a<\/p>\n<\/div><\/div><\/div><div class=\"w-separator size_small\"><\/div><\/div><\/div><\/div><\/div><div class=\"w-separator hide_on_default hide_on_laptops size_medium\"><\/div><\/div><\/div><\/div><\/div><\/div><\/section>","protected":false},"excerpt":{"rendered":"Colaboremos Juntos \u00bfTienes un proyecto en mente? No esperes m\u00e1s para hacerlo realidad. Cont\u00e1ctanos y descubre c\u00f3mo nuestro equipo puede transformar tu visi\u00f3n en una obra audiovisual impactante. Por favor, deja este campo vac\u00edo. Correo electr\u00f3nicoinfo@kriol.es Direcci\u00f3nPla\u00e7a de l'Hort dels Escribano, 2, 12500 Vinar\u00f2s, Castell\u00f3, Espa\u00f1a","protected":false},"author":1,"featured_media":16,"parent":0,"menu_order":0,"comment_status":"closed","ping_status":"closed","template":"","meta":{"footnotes":""},"class_list":["post-65","page","type-page","status-publish","has-post-thumbnail","hentry"],"yoast_head":"<!-- This site is optimized with the Yoast SEO plugin v24.7 - https:\/\/yoast.com\/wordpress\/plugins\/seo\/ -->\n<title>Kriol Produccions | Contacto<\/title>\n<meta name=\"robots\" content=\"index, follow, max-snippet:-1, max-image-preview:large, max-video-preview:-1\" \/>\n<link rel=\"canonical\" href=\"https:\/\/www.kriol.es\/en\/contacto\/\" \/>\n<meta property=\"og:locale\" content=\"en_US\" \/>\n<meta property=\"og:type\" content=\"article\" \/>\n<meta property=\"og:title\" content=\"Kriol Produccions | Contacto\" \/>\n<meta property=\"og:url\" content=\"https:\/\/www.kriol.es\/en\/contacto\/\" \/>\n<meta property=\"og:site_name\" content=\"Kriol Produccions\" \/>\n<meta property=\"article:modified_time\" content=\"2025-03-24T22:30:25+00:00\" \/>\n<meta property=\"og:image\" content=\"https:\/\/www.kriol.es\/wp-content\/uploads\/2024\/11\/Kriol.jpg\" \/>\n\t<meta property=\"og:image:width\" content=\"1200\" \/>\n\t<meta property=\"og:image:height\" content=\"1200\" \/>\n\t<meta property=\"og:image:type\" content=\"image\/jpeg\" \/>\n<meta name=\"twitter:card\" content=\"summary_large_image\" \/>\n<meta name=\"twitter:label1\" content=\"Est. reading time\" \/>\n\t<meta name=\"twitter:data1\" content=\"2 minutes\" \/>\n<script type=\"application\/ld+json\" class=\"yoast-schema-graph\">{\"@context\":\"https:\/\/schema.org\",\"@graph\":[{\"@type\":\"WebPage\",\"@id\":\"https:\/\/www.kriol.es\/contacto\/\",\"url\":\"https:\/\/www.kriol.es\/contacto\/\",\"name\":\"Kriol Produccions | Contacto\",\"isPartOf\":{\"@id\":\"https:\/\/www.kriol.es\/#website\"},\"primaryImageOfPage\":{\"@id\":\"https:\/\/www.kriol.es\/contacto\/#primaryimage\"},\"image\":{\"@id\":\"https:\/\/www.kriol.es\/contacto\/#primaryimage\"},\"thumbnailUrl\":\"https:\/\/www.kriol.es\/wp-content\/uploads\/2024\/11\/Kriol.jpg\",\"datePublished\":\"2025-03-24T22:15:42+00:00\",\"dateModified\":\"2025-03-24T22:30:25+00:00\",\"breadcrumb\":{\"@id\":\"https:\/\/www.kriol.es\/contacto\/#breadcrumb\"},\"inLanguage\":\"en-US\",\"potentialAction\":[{\"@type\":\"ReadAction\",\"target\":[\"https:\/\/www.kriol.es\/contacto\/\"]}]},{\"@type\":\"ImageObject\",\"inLanguage\":\"en-US\",\"@id\":\"https:\/\/www.kriol.es\/contacto\/#primaryimage\",\"url\":\"https:\/\/www.kriol.es\/wp-content\/uploads\/2024\/11\/Kriol.jpg\",\"contentUrl\":\"https:\/\/www.kriol.es\/wp-content\/uploads\/2024\/11\/Kriol.jpg\",\"width\":1200,\"height\":1200,\"caption\":\"Productora Audiovisual en Castell\u00f3n\"},{\"@type\":\"BreadcrumbList\",\"@id\":\"https:\/\/www.kriol.es\/contacto\/#breadcrumb\",\"itemListElement\":[{\"@type\":\"ListItem\",\"position\":1,\"name\":\"Portada\",\"item\":\"https:\/\/www.kriol.es\/\"},{\"@type\":\"ListItem\",\"position\":2,\"name\":\"Contacto\"}]},{\"@type\":\"WebSite\",\"@id\":\"https:\/\/www.kriol.es\/#website\",\"url\":\"https:\/\/www.kriol.es\/\",\"name\":\"Kriol Produccions\",\"description\":\"S\u00f3lo otro sitio de WordPress\",\"publisher\":{\"@id\":\"https:\/\/www.kriol.es\/#organization\"},\"potentialAction\":[{\"@type\":\"SearchAction\",\"target\":{\"@type\":\"EntryPoint\",\"urlTemplate\":\"https:\/\/www.kriol.es\/?s={search_term_string}\"},\"query-input\":{\"@type\":\"PropertyValueSpecification\",\"valueRequired\":true,\"valueName\":\"search_term_string\"}}],\"inLanguage\":\"en-US\"},{\"@type\":\"Organization\",\"@id\":\"https:\/\/www.kriol.es\/#organization\",\"name\":\"Kriol Produccions\",\"url\":\"https:\/\/www.kriol.es\/\",\"logo\":{\"@type\":\"ImageObject\",\"inLanguage\":\"en-US\",\"@id\":\"https:\/\/www.kriol.es\/#\/schema\/logo\/image\/\",\"url\":\"https:\/\/www.kriol.es\/wp-content\/uploads\/2024\/11\/Kriol.jpg\",\"contentUrl\":\"https:\/\/www.kriol.es\/wp-content\/uploads\/2024\/11\/Kriol.jpg\",\"width\":1200,\"height\":1200,\"caption\":\"Kriol Produccions\"},\"image\":{\"@id\":\"https:\/\/www.kriol.es\/#\/schema\/logo\/image\/\"}}]}<\/script>\n<!-- \/ Yoast SEO plugin. -->","yoast_head_json":{"title":"Kriol Produccions | Contacto","robots":{"index":"index","follow":"follow","max-snippet":"max-snippet:-1","max-image-preview":"max-image-preview:large","max-video-preview":"max-video-preview:-1"},"canonical":"https:\/\/www.kriol.es\/en\/contacto\/","og_locale":"en_US","og_type":"article","og_title":"Kriol Produccions | Contacto","og_url":"https:\/\/www.kriol.es\/en\/contacto\/","og_site_name":"Kriol Produccions","article_modified_time":"2025-03-24T22:30:25+00:00","og_image":[{"width":1200,"height":1200,"url":"https:\/\/www.kriol.es\/wp-content\/uploads\/2024\/11\/Kriol.jpg","type":"image\/jpeg"}],"twitter_card":"summary_large_image","twitter_misc":{"Est. reading time":"2 minutes"},"schema":{"@context":"https:\/\/schema.org","@graph":[{"@type":"WebPage","@id":"https:\/\/www.kriol.es\/contacto\/","url":"https:\/\/www.kriol.es\/contacto\/","name":"Kriol Produccions | Contacto","isPartOf":{"@id":"https:\/\/www.kriol.es\/#website"},"primaryImageOfPage":{"@id":"https:\/\/www.kriol.es\/contacto\/#primaryimage"},"image":{"@id":"https:\/\/www.kriol.es\/contacto\/#primaryimage"},"thumbnailUrl":"https:\/\/www.kriol.es\/wp-content\/uploads\/2024\/11\/Kriol.jpg","datePublished":"2025-03-24T22:15:42+00:00","dateModified":"2025-03-24T22:30:25+00:00","breadcrumb":{"@id":"https:\/\/www.kriol.es\/contacto\/#breadcrumb"},"inLanguage":"en-US","potentialAction":[{"@type":"ReadAction","target":["https:\/\/www.kriol.es\/contacto\/"]}]},{"@type":"ImageObject","inLanguage":"en-US","@id":"https:\/\/www.kriol.es\/contacto\/#primaryimage","url":"https:\/\/www.kriol.es\/wp-content\/uploads\/2024\/11\/Kriol.jpg","contentUrl":"https:\/\/www.kriol.es\/wp-content\/uploads\/2024\/11\/Kriol.jpg","width":1200,"height":1200,"caption":"Productora Audiovisual en Castell\u00f3n"},{"@type":"BreadcrumbList","@id":"https:\/\/www.kriol.es\/contacto\/#breadcrumb","itemListElement":[{"@type":"ListItem","position":1,"name":"Portada","item":"https:\/\/www.kriol.es\/"},{"@type":"ListItem","position":2,"name":"Contacto"}]},{"@type":"WebSite","@id":"https:\/\/www.kriol.es\/#website","url":"https:\/\/www.kriol.es\/","name":"Kriol Produccions","description":"S\u00f3lo otro sitio de WordPress","publisher":{"@id":"https:\/\/www.kriol.es\/#organization"},"potentialAction":[{"@type":"SearchAction","target":{"@type":"EntryPoint","urlTemplate":"https:\/\/www.kriol.es\/?s={search_term_string}"},"query-input":{"@type":"PropertyValueSpecification","valueRequired":true,"valueName":"search_term_string"}}],"inLanguage":"en-US"},{"@type":"Organization","@id":"https:\/\/www.kriol.es\/#organization","name":"Kriol Produccions","url":"https:\/\/www.kriol.es\/","logo":{"@type":"ImageObject","inLanguage":"en-US","@id":"https:\/\/www.kriol.es\/#\/schema\/logo\/image\/","url":"https:\/\/www.kriol.es\/wp-content\/uploads\/2024\/11\/Kriol.jpg","contentUrl":"https:\/\/www.kriol.es\/wp-content\/uploads\/2024\/11\/Kriol.jpg","width":1200,"height":1200,"caption":"Kriol Produccions"},"image":{"@id":"https:\/\/www.kriol.es\/#\/schema\/logo\/image\/"}}]}},"_links":{"self":[{"href":"https:\/\/www.kriol.es\/en\/wp-json\/wp\/v2\/pages\/65"}],"collection":[{"href":"https:\/\/www.kriol.es\/en\/wp-json\/wp\/v2\/pages"}],"about":[{"href":"https:\/\/www.kriol.es\/en\/wp-json\/wp\/v2\/types\/page"}],"author":[{"embeddable":true,"href":"https:\/\/www.kriol.es\/en\/wp-json\/wp\/v2\/users\/1"}],"replies":[{"embeddable":true,"href":"https:\/\/www.kriol.es\/en\/wp-json\/wp\/v2\/comments?post=65"}],"version-history":[{"count":7,"href":"https:\/\/www.kriol.es\/en\/wp-json\/wp\/v2\/pages\/65\/revisions"}],"predecessor-version":[{"id":80,"href":"https:\/\/www.kriol.es\/en\/wp-json\/wp\/v2\/pages\/65\/revisions\/80"}],"wp:featuredmedia":[{"embeddable":true,"href":"https:\/\/www.kriol.es\/en\/wp-json\/wp\/v2\/media\/16"}],"wp:attachment":[{"href":"https:\/\/www.kriol.es\/en\/wp-json\/wp\/v2\/media?parent=65"}],"curies":[{"name":"wp","href":"https:\/\/api.w.org\/{rel}","templated":true}]}}