{"id":13,"date":"2024-11-07T18:44:01","date_gmt":"2024-11-07T18:44:01","guid":{"rendered":"https:\/\/www.kriol.es\/?page_id=13"},"modified":"2025-03-24T23:26:21","modified_gmt":"2025-03-24T23:26:21","slug":"inicio","status":"publish","type":"page","link":"https:\/\/www.kriol.es\/en\/","title":{"rendered":"Home"},"content":{"rendered":"<section class=\"l-section wpb_row us_custom_9a094c3e height_large full_height valign_center with_video\" id=\"inicio\"><div id=\"us_bg_video_z7fa\" class=\"l-section-video\"><script>!function(w){var node = document.getElementById( 'us_bg_video_z7fa' );if ( w.innerWidth <= 200 ) { node.remove() }}(window);<\/script><style>@media(max-width:200px){#us_bg_video_z7fa{display:none!important}}<\/style><video  autoplay loop muted playsinline preload=\"auto\"><source type=\"video\/mp4\" src=\"https:\/\/www.kriol.es\/wp-content\/uploads\/2024\/11\/cover.mp4\" \/><\/video><\/div><div class=\"l-section-overlay\" style=\"background:rgba(0,0,0,0.35)\"><\/div><div class=\"l-section-h i-cf\"><div class=\"g-cols vc_row via_flex valign_top type_default stacking_default\"><div class=\"vc_col-sm-12 wpb_column vc_column_container\"><div class=\"vc_column-inner\"><div class=\"wpb_wrapper\"><div class=\"wpb_text_column us_custom_8d9b3454 has_text_color us_animate_this\"><div class=\"wpb_wrapper\"><p>Audiovisual<br \/>\nProducer<\/p>\n<\/div><\/div><div class=\"w-separator size_small\"><\/div><div class=\"wpb_text_column us_custom_fba6df18 has_text_color us_animate_this\"><div class=\"wpb_wrapper\"><p>We turn your ideas into stories that captivate and connect<\/p>\n<\/div><\/div><div class=\"w-separator size_small\"><\/div><div class=\"w-hwrapper us_custom_42b6356d us_animate_this valign_top default_align_none laptops_align_none tablets_align_center mobiles_align_center\" style=\"--hwrapper-gap:1rem\"><div class=\"w-btn-wrapper align_none\"><a class=\"w-btn us-btn-style_1\" href=\"#servicios\"><span class=\"w-btn-label\">Services<\/span><\/a><\/div><div class=\"w-btn-wrapper align_none\"><a class=\"w-btn us-btn-style_2\" href=\"#contacto\"><span class=\"w-btn-label\">Contact<\/span><\/a><\/div><\/div><\/div><\/div><\/div><\/div><\/div><\/section><section class=\"l-section wpb_row height_large\" id=\"servicios\"><div class=\"l-section-h i-cf\"><div class=\"g-cols vc_row via_flex valign_top type_default stacking_default\"><div class=\"vc_col-sm-6 wpb_column vc_column_container\"><div class=\"vc_column-inner us_custom_8e784a87 us_animate_this type_sticky\"><div class=\"wpb_wrapper\"><div class=\"w-separator hide_on_default hide_on_laptops size_medium\"><\/div><div class=\"w-separator size_small\"><\/div><p class=\"w-text us_custom_992f4627 has_text_color\"><span class=\"w-text-h\"><span class=\"w-text-value\">SERVICES<\/span><\/span><\/p><div class=\"wpb_text_column us_custom_686d645b has_text_color\"><div class=\"wpb_wrapper\"><p>Total Production<\/p>\n<\/div><\/div><div class=\"w-separator size_small\"><\/div><div class=\"wpb_text_column with_collapsible_content\" data-content-height=\"380px\"><div class=\"wpb_wrapper\"><p>At Kriol Produccions we offer a comprehensive video production service, meticulously handling every detail from pre-production to post-production to ensure results that exceed your expectations.<\/p>\n<p>Our team of experts works with passion and commitment on every project. From screenwriters and camera operators to directors and editors, everyone collaborates harmoniously to flawlessly bring your vision to life.<\/p>\n<\/div><div class=\"toggle-links align_none\"><button class=\"collapsible-content-more\">Llegir m\u00e9s<\/button><button class=\"collapsible-content-less\">Llegir menys<\/button><\/div><\/div><div class=\"w-separator size_small\"><\/div><div class=\"w-btn-wrapper align_none\"><a class=\"w-btn us-btn-style_1\" href=\"https:\/\/www.kriol.es\/en\/servicios\/\"><span class=\"w-btn-label\">Ver servicios<\/span><\/a><\/div><\/div><\/div><\/div><div class=\"vc_col-sm-6 wpb_column vc_column_container\"><div class=\"vc_column-inner us_custom_135e11d2 us_animate_this\"><div class=\"wpb_wrapper\"><div class=\"g-cols wpb_row via_flex valign_top type_default stacking_default\"><div class=\"vc_col-sm-6 wpb_column vc_column_container\"><div class=\"vc_column-inner\"><div class=\"wpb_wrapper\"><div class=\"w-iconbox iconpos_top style_default color_custom align_left\"><div class=\"w-iconbox-icon\" style=\"font-size:2rem;--icon-color:var(--color-content-primary);\"><i class=\"fal fa-video\"><\/i><\/div><div class=\"w-iconbox-meta\"><h4 class=\"w-iconbox-title\">Video Production<\/h4><div class=\"w-iconbox-text\"><p>To position your brand and effectively convey your message through video<\/p>\n<\/div><\/div><\/div><\/div><\/div><\/div><div class=\"vc_col-sm-6 wpb_column vc_column_container\"><div class=\"vc_column-inner\"><div class=\"wpb_wrapper\"><div class=\"w-iconbox iconpos_top style_default color_custom align_left\"><div class=\"w-iconbox-icon\" style=\"font-size:2rem;--icon-color:var(--color-content-primary);\"><i class=\"fal fa-film\"><\/i><\/div><div class=\"w-iconbox-meta\"><h4 class=\"w-iconbox-title\">Documentaries<\/h4><div class=\"w-iconbox-text\"><p>Videos that capture the essence and depth of the stories<\/p>\n<\/div><\/div><\/div><\/div><\/div><\/div><\/div><div class=\"w-separator size_medium\"><\/div><div class=\"g-cols wpb_row via_flex valign_top type_default stacking_default\"><div class=\"vc_col-sm-6 wpb_column vc_column_container\"><div class=\"vc_column-inner\"><div class=\"wpb_wrapper\"><div class=\"w-iconbox iconpos_top style_default color_custom align_left\"><div class=\"w-iconbox-icon\" style=\"font-size:2rem;--icon-color:var(--color-content-primary);\"><i class=\"fal fa-photo-video\"><\/i><\/div><div class=\"w-iconbox-meta\"><h4 class=\"w-iconbox-title\">Social Media<\/h4><div class=\"w-iconbox-text\"><p>Content production that attracts and retains your audience<\/p>\n<\/div><\/div><\/div><\/div><\/div><\/div><div class=\"vc_col-sm-6 wpb_column vc_column_container\"><div class=\"vc_column-inner\"><div class=\"wpb_wrapper\"><div class=\"w-iconbox iconpos_top style_default color_custom align_left\"><div class=\"w-iconbox-icon\" style=\"font-size:2rem;--icon-color:var(--color-content-primary);\"><i class=\"fal fa-camcorder\"><\/i><\/div><div class=\"w-iconbox-meta\"><h4 class=\"w-iconbox-title\">Recording<\/h4><div class=\"w-iconbox-text\"><p>In studio and outdoors according to the project<\/p>\n<\/div><\/div><\/div><\/div><\/div><\/div><\/div><div class=\"w-separator size_medium\"><\/div><div class=\"g-cols wpb_row via_flex valign_top type_default stacking_default\"><div class=\"vc_col-sm-6 wpb_column vc_column_container\"><div class=\"vc_column-inner\"><div class=\"wpb_wrapper\"><div class=\"w-iconbox iconpos_top style_default color_custom align_left\"><div class=\"w-iconbox-icon\" style=\"font-size:2rem;--icon-color:var(--color-content-primary);\"><i class=\"fal fa-play-circle\"><\/i><\/div><div class=\"w-iconbox-meta\"><h4 class=\"w-iconbox-title\">Postproduction<\/h4><div class=\"w-iconbox-text\"><p>Editing and post-production for a professional finish<\/p>\n<\/div><\/div><\/div><\/div><\/div><\/div><div class=\"vc_col-sm-6 wpb_column vc_column_container\"><div class=\"vc_column-inner\"><div class=\"wpb_wrapper\"><div class=\"w-iconbox iconpos_top style_default color_custom align_left\"><div class=\"w-iconbox-icon\" style=\"font-size:2rem;--icon-color:var(--color-content-primary);\"><i class=\"fal fa-magic\"><\/i><\/div><div class=\"w-iconbox-meta\"><h4 class=\"w-iconbox-title\">VFX<\/h4><div class=\"w-iconbox-text\"><p>Animations and visual effects that enhance the visual impact<\/p>\n<\/div><\/div><\/div><\/div><\/div><\/div><\/div><div class=\"w-separator hide_on_default hide_on_laptops size_medium\"><\/div><\/div><\/div><\/div><\/div><\/div><\/section><section class=\"l-section wpb_row height_large\" id=\"nosotros\"><div class=\"l-section-overlay\" style=\"background:var(--color-content-bg-alt)\"><\/div><div class=\"l-section-h i-cf\"><div class=\"g-cols vc_row via_flex valign_top type_default stacking_default\"><div class=\"vc_col-sm-12 wpb_column vc_column_container\"><div class=\"vc_column-inner\"><div class=\"wpb_wrapper\"><div class=\"w-separator hide_on_default hide_on_laptops size_medium\"><\/div><div class=\"g-cols wpb_row via_flex valign_top type_default stacking_default\"><div class=\"vc_col-sm-6 wpb_column vc_column_container\"><div class=\"vc_column-inner us_custom_8e784a87 us_animate_this\"><div class=\"wpb_wrapper\"><div class=\"w-image us_custom_9cf479d2 align_center\"><div class=\"w-image-h\"><img decoding=\"async\" width=\"700\" height=\"630\" src=\"https:\/\/www.kriol.es\/wp-content\/uploads\/2024\/11\/acerca.webp\" class=\"attachment-full size-full\" alt=\"Kriol Produccions\" loading=\"lazy\" srcset=\"https:\/\/www.kriol.es\/wp-content\/uploads\/2024\/11\/acerca.webp 700w, https:\/\/www.kriol.es\/wp-content\/uploads\/2024\/11\/acerca-300x270.webp 300w\" sizes=\"(max-width: 700px) 100vw, 700px\" \/><\/div><\/div><\/div><\/div><\/div><div class=\"vc_col-sm-6 wpb_column vc_column_container\"><div class=\"vc_column-inner us_custom_135e11d2 us_animate_this\"><div class=\"wpb_wrapper\"><div class=\"w-separator size_small\"><\/div><p class=\"w-text us_custom_992f4627 has_text_color\"><span class=\"w-text-h\"><span class=\"w-text-value\">ABOUT US<\/span><\/span><\/p><div class=\"wpb_text_column us_custom_686d645b has_text_color\"><div class=\"wpb_wrapper\"><p>Together We Create Great Ideas<\/p>\n<\/div><\/div><div class=\"w-separator size_small\"><\/div><div class=\"wpb_text_column\"><div class=\"wpb_wrapper\"><p>Somos una productora audiovisual con un perfil h\u00edbrido: por un lado, ofrecemos todos los servicios de una productora convencional \u2014preproducci\u00f3n, rodaje y posproducci\u00f3n de piezas audiovisuales para empresas, instituciones y medios de comunicaci\u00f3n\u2014 y por otro, nos especializamos en el acompa\u00f1amiento y desarrollo de proyectos internacionales centrados en Guinea-Bissau y los pa\u00edses de la subregi\u00f3n, como Senegal y Gambia.<\/p>\n<\/div><\/div><div class=\"w-separator size_small\"><\/div><div class=\"w-btn-wrapper align_none\"><a class=\"w-btn us-btn-style_1\" href=\"https:\/\/www.kriol.es\/en\/nosotros\/\"><span class=\"w-btn-label\">Leer m\u00e1s<\/span><\/a><\/div><\/div><\/div><\/div><\/div><div class=\"w-separator size_huge\"><\/div><div class=\"g-cols wpb_row us_custom_c5fb97c6 via_flex valign_top type_default stacking_default\" id=\"proyectos\"><div class=\"vc_col-sm-2 wpb_column vc_column_container\"><div class=\"vc_column-inner\"><div class=\"wpb_wrapper\"><\/div><\/div><\/div><div class=\"vc_col-sm-8 wpb_column vc_column_container\"><div class=\"vc_column-inner us_custom_1fb8b2dc us_animate_this\"><div class=\"wpb_wrapper\"><div class=\"w-separator size_large\"><\/div><p class=\"w-text us_custom_ca2dd9d8 has_text_color\"><span class=\"w-text-h\"><span class=\"w-text-value\">Portfolio<\/span><\/span><\/p><div class=\"wpb_text_column us_custom_3dbcbde1 has_text_color\"><div class=\"wpb_wrapper\"><p>International Projects<\/p>\n<\/div><\/div><div class=\"w-separator size_small\"><\/div><div class=\"wpb_text_column us_custom_d44d8758 has_text_color\"><div class=\"wpb_wrapper\"><p>En el coraz\u00f3n de \u00c1frica Occidental, Guinea-Bissau se posiciona como escenario de importantes iniciativas culturales y audiovisuales destinadas a resaltar la riqueza hist\u00f3rica, social y cultural del pa\u00eds. En este contexto, la productora Kriol Produccions se ha convertido en un agente fundamental del desarrollo audiovisual guineense, trabajando en estrecha colaboraci\u00f3n con Geba Filmes y contando con el respaldo del programa Diversidade de la Uni\u00f3n Europea<\/p>\n<\/div><\/div><div class=\"w-separator size_small\"><\/div><div class=\"w-btn-wrapper align_center\"><a class=\"w-btn us-btn-style_2\" href=\"https:\/\/www.kriol.es\/en\/proyectos-internacionales\/\"><span class=\"w-btn-label\">Ver proyectos<\/span><\/a><\/div><div class=\"w-separator size_large\"><\/div><\/div><\/div><\/div><div class=\"vc_col-sm-2 wpb_column vc_column_container\"><div class=\"vc_column-inner\"><div class=\"wpb_wrapper\"><\/div><\/div><\/div><\/div><div class=\"w-separator hide_on_default hide_on_laptops size_medium\"><\/div><\/div><\/div><\/div><\/div><\/div><\/section><section class=\"l-section wpb_row height_large\" id=\"contacto\"><div class=\"l-section-h i-cf\"><div class=\"g-cols vc_row via_flex valign_top type_default stacking_default\"><div class=\"vc_col-sm-12 wpb_column vc_column_container\"><div class=\"vc_column-inner\"><div class=\"wpb_wrapper\"><div class=\"w-separator hide_on_default hide_on_laptops size_medium\"><\/div><div class=\"g-cols wpb_row via_flex valign_top type_default stacking_default\"><div class=\"vc_col-sm-8 wpb_column vc_column_container\"><div class=\"vc_column-inner us_custom_4ef5d869 us_animate_this\"><div class=\"wpb_wrapper\"><div class=\"w-separator size_small\"><\/div><p class=\"w-text us_custom_992f4627 has_text_color\"><span class=\"w-text-h\"><span class=\"w-text-value\">Contact<\/span><\/span><\/p><div class=\"wpb_text_column us_custom_686d645b has_text_color\"><div class=\"wpb_wrapper\"><p>Let's Work Together<\/p>\n<\/div><\/div><div class=\"w-separator size_small\"><\/div><div class=\"wpb_text_column\"><div class=\"wpb_wrapper\"><p>Do you have a project in mind? Don't wait any longer to make it a reality. Contact us and discover how our team can transform your vision into a compelling audiovisual masterpiece.<\/p>\n<\/div><\/div><div class=\"w-separator size_small\"><\/div>\n<div class=\"wpcf7 no-js\" id=\"wpcf7-f26-o1\" lang=\"es-ES\" dir=\"ltr\" data-wpcf7-id=\"26\">\n<div class=\"screen-reader-response\"><p role=\"status\" aria-live=\"polite\" aria-atomic=\"true\"><\/p> <ul><\/ul><\/div>\n<form action=\"\/en\/wp-json\/wp\/v2\/pages\/13#wpcf7-f26-o1\" method=\"post\" class=\"wpcf7-form init\" aria-label=\"Formulario de contacto\" novalidate=\"novalidate\" data-status=\"init\" data-trp-original-action=\"\/en\/wp-json\/wp\/v2\/pages\/13#wpcf7-f26-o1\">\n<div style=\"display: none;\">\n<input type=\"hidden\" name=\"_wpcf7\" value=\"26\" \/>\n<input type=\"hidden\" name=\"_wpcf7_version\" value=\"6.0.5\" \/>\n<input type=\"hidden\" name=\"_wpcf7_locale\" value=\"es_ES\" \/>\n<input type=\"hidden\" name=\"_wpcf7_unit_tag\" value=\"wpcf7-f26-o1\" \/>\n<input type=\"hidden\" name=\"_wpcf7_container_post\" value=\"0\" \/>\n<input type=\"hidden\" name=\"_wpcf7_posted_data_hash\" value=\"\" \/>\n<\/div>\n<div id=\"responsive-form\" class=\"clearfix\">\n\t<div class=\"form-row\">\n\t\t<div class=\"column-half\">\n\t\t\t<p><span class=\"wpcf7-form-control-wrap\" data-name=\"nombres\"><input size=\"40\" maxlength=\"400\" class=\"wpcf7-form-control wpcf7-text wpcf7-validates-as-required\" aria-required=\"true\" aria-invalid=\"false\" placeholder=\"Name\" value=\"\" type=\"text\" name=\"nombres\" \/><\/span>\n\t\t\t<\/p>\n\t\t<\/div>\n\t\t<div class=\"column-half\">\n\t\t\t<p><span class=\"wpcf7-form-control-wrap\" data-name=\"correos\"><input size=\"40\" maxlength=\"400\" class=\"wpcf7-form-control wpcf7-email wpcf7-validates-as-required wpcf7-text wpcf7-validates-as-email\" aria-required=\"true\" aria-invalid=\"false\" placeholder=\"Email\" value=\"\" type=\"email\" name=\"correos\" \/><\/span>\n\t\t\t<\/p>\n\t\t<\/div>\n\t\t<p><span id=\"wpcf7-69ef1d460ade1-wrapper\" class=\"wpcf7-form-control-wrap phone-wrap\" style=\"display:none !important; visibility:hidden !important;\"><label for=\"wpcf7-69ef1d460ade1-field\" class=\"hp-message\">Por favor, deja este campo vac\u00edo.<\/label><input id=\"wpcf7-69ef1d460ade1-field\"  class=\"wpcf7-form-control wpcf7-text\" type=\"text\" name=\"phone\" value=\"\" size=\"40\" tabindex=\"-1\" autocomplete=\"new-password\" \/><\/span>\n\t\t<\/p>\n\t<\/div>\n\t<div class=\"form-row\">\n\t\t<div class=\"column-full\">\n\t\t\t<p><span class=\"wpcf7-form-control-wrap\" data-name=\"mensajes\"><textarea cols=\"40\" rows=\"10\" maxlength=\"2000\" class=\"wpcf7-form-control wpcf7-textarea wpcf7-validates-as-required\" aria-required=\"true\" aria-invalid=\"false\" placeholder=\"Message\" name=\"mensajes\"><\/textarea><\/span>\n\t\t\t<\/p>\n\t\t<\/div>\n\t<\/div>\n\t<div class=\"form-row\">\n\t\t<div class=\"column-full\">\n\t\t\t<p><input class=\"wpcf7-form-control wpcf7-submit has-spinner\" type=\"submit\" value=\"Submit mesage\" \/>\n\t\t\t<\/p>\n\t\t<\/div>\n\t<\/div>\n<\/div>\n\n<!--end responsive-form--><div class=\"wpcf7-response-output\" aria-hidden=\"true\"><\/div>\n<input type=\"hidden\" name=\"trp-form-language\" value=\"en\"\/><\/form>\n<\/div>\n<\/div><\/div><\/div><div class=\"vc_col-sm-4 wpb_column vc_column_container\"><div class=\"vc_column-inner us_custom_3e9d1bc9 us_animate_this type_sticky\"><div class=\"wpb_wrapper\"><div class=\"w-separator size_large\"><\/div><div class=\"w-iconbox us_custom_cb3788d8 iconpos_left style_circle color_primary align_left\"><div class=\"w-iconbox-icon\" style=\"font-size:1.5rem;\"><i class=\"fal fa-envelope\"><\/i><\/div><div class=\"w-iconbox-meta\"><h4 class=\"w-iconbox-title\">Email<\/h4><div class=\"w-iconbox-text\"><p>info@kriol.es<\/p>\n<\/div><\/div><\/div><div class=\"w-separator size_small\"><\/div><div class=\"w-iconbox us_custom_cb3788d8 iconpos_left style_circle color_primary align_left\"><div class=\"w-iconbox-icon\" style=\"font-size:1.5rem;\"><i class=\"fal fa-map-marker-alt\"><\/i><\/div><div class=\"w-iconbox-meta\"><h4 class=\"w-iconbox-title\">Address<\/h4><div class=\"w-iconbox-text\"><p>Pla\u00e7a de l&#8217;Hort dels Escribano, 2, 12500 Vinar\u00f2s, Castell\u00f3, Espa\u00f1a<\/p>\n<\/div><\/div><\/div><div class=\"w-separator size_small\"><\/div><\/div><\/div><\/div><\/div><div class=\"w-separator hide_on_default hide_on_laptops size_medium\"><\/div><\/div><\/div><\/div><\/div><\/div><\/section>","protected":false},"excerpt":{"rendered":"Productora Audiovisual Convertimos tus ideas en historias que cautivan y conectan ServiciosContactoSERVICIOSProducci\u00f3n Total En Kriol Produccions ofrecemos un servicio integral de producci\u00f3n de video, cuidando cada detalle desde la preproducci\u00f3n hasta la postproducci\u00f3n para garantizar resultados que superen tus expectativas. Nuestro equipo de expertos trabaja con pasi\u00f3n y compromiso en cada proyecto. Desde guionistas y...","protected":false},"author":1,"featured_media":16,"parent":0,"menu_order":0,"comment_status":"closed","ping_status":"closed","template":"","meta":{"footnotes":""},"class_list":["post-13","page","type-page","status-publish","has-post-thumbnail","hentry"],"yoast_head":"<!-- This site is optimized with the Yoast SEO plugin v24.7 - https:\/\/yoast.com\/wordpress\/plugins\/seo\/ -->\n<title>Kriol Produccions | Productora Audiovisual en Castell\u00f3n<\/title>\n<meta name=\"description\" content=\"Kriol Produccions somos una productora audiovisual en Castell\u00f3n, convertimos tus ideas en historias que cautivan y conectan.\" \/>\n<meta name=\"robots\" content=\"index, follow, max-snippet:-1, max-image-preview:large, max-video-preview:-1\" \/>\n<link rel=\"canonical\" href=\"https:\/\/www.kriol.es\/en\/\" \/>\n<meta property=\"og:locale\" content=\"en_US\" \/>\n<meta property=\"og:type\" content=\"article\" \/>\n<meta property=\"og:title\" content=\"Kriol Produccions | Productora Audiovisual en Castell\u00f3n\" \/>\n<meta property=\"og:description\" content=\"Kriol Produccions somos una productora audiovisual en Castell\u00f3n, convertimos tus ideas en historias que cautivan y conectan.\" \/>\n<meta property=\"og:url\" content=\"https:\/\/www.kriol.es\/en\/\" \/>\n<meta property=\"og:site_name\" content=\"Kriol Produccions\" \/>\n<meta property=\"article:modified_time\" content=\"2025-03-24T23:26:21+00:00\" \/>\n<meta property=\"og:image\" content=\"https:\/\/www.kriol.es\/wp-content\/uploads\/2024\/11\/Kriol.jpg\" \/>\n\t<meta property=\"og:image:width\" content=\"1200\" \/>\n\t<meta property=\"og:image:height\" content=\"1200\" \/>\n\t<meta property=\"og:image:type\" content=\"image\/jpeg\" \/>\n<meta name=\"twitter:card\" content=\"summary_large_image\" \/>\n<meta name=\"twitter:label1\" content=\"Est. reading time\" \/>\n\t<meta name=\"twitter:data1\" content=\"3 minutes\" \/>\n<script type=\"application\/ld+json\" class=\"yoast-schema-graph\">{\"@context\":\"https:\/\/schema.org\",\"@graph\":[{\"@type\":\"WebPage\",\"@id\":\"https:\/\/www.kriol.es\/\",\"url\":\"https:\/\/www.kriol.es\/\",\"name\":\"Kriol Produccions | Productora Audiovisual en Castell\u00f3n\",\"isPartOf\":{\"@id\":\"https:\/\/www.kriol.es\/#website\"},\"primaryImageOfPage\":{\"@id\":\"https:\/\/www.kriol.es\/#primaryimage\"},\"image\":{\"@id\":\"https:\/\/www.kriol.es\/#primaryimage\"},\"thumbnailUrl\":\"https:\/\/www.kriol.es\/wp-content\/uploads\/2024\/11\/Kriol.jpg\",\"datePublished\":\"2024-11-07T18:44:01+00:00\",\"dateModified\":\"2025-03-24T23:26:21+00:00\",\"description\":\"Kriol Produccions somos una productora audiovisual en Castell\u00f3n, convertimos tus ideas en historias que cautivan y conectan.\",\"breadcrumb\":{\"@id\":\"https:\/\/www.kriol.es\/#breadcrumb\"},\"inLanguage\":\"en-US\",\"potentialAction\":[{\"@type\":\"ReadAction\",\"target\":[\"https:\/\/www.kriol.es\/\"]}]},{\"@type\":\"ImageObject\",\"inLanguage\":\"en-US\",\"@id\":\"https:\/\/www.kriol.es\/#primaryimage\",\"url\":\"https:\/\/www.kriol.es\/wp-content\/uploads\/2024\/11\/Kriol.jpg\",\"contentUrl\":\"https:\/\/www.kriol.es\/wp-content\/uploads\/2024\/11\/Kriol.jpg\",\"width\":1200,\"height\":1200,\"caption\":\"Productora Audiovisual en Castell\u00f3n\"},{\"@type\":\"BreadcrumbList\",\"@id\":\"https:\/\/www.kriol.es\/#breadcrumb\",\"itemListElement\":[{\"@type\":\"ListItem\",\"position\":1,\"name\":\"Portada\",\"item\":\"https:\/\/www.kriol.es\/\"},{\"@type\":\"ListItem\",\"position\":2,\"name\":\"Inicio\"}]},{\"@type\":\"WebSite\",\"@id\":\"https:\/\/www.kriol.es\/#website\",\"url\":\"https:\/\/www.kriol.es\/\",\"name\":\"Kriol Produccions\",\"description\":\"S\u00f3lo otro sitio de WordPress\",\"publisher\":{\"@id\":\"https:\/\/www.kriol.es\/#organization\"},\"potentialAction\":[{\"@type\":\"SearchAction\",\"target\":{\"@type\":\"EntryPoint\",\"urlTemplate\":\"https:\/\/www.kriol.es\/?s={search_term_string}\"},\"query-input\":{\"@type\":\"PropertyValueSpecification\",\"valueRequired\":true,\"valueName\":\"search_term_string\"}}],\"inLanguage\":\"en-US\"},{\"@type\":\"Organization\",\"@id\":\"https:\/\/www.kriol.es\/#organization\",\"name\":\"Kriol Produccions\",\"url\":\"https:\/\/www.kriol.es\/\",\"logo\":{\"@type\":\"ImageObject\",\"inLanguage\":\"en-US\",\"@id\":\"https:\/\/www.kriol.es\/#\/schema\/logo\/image\/\",\"url\":\"https:\/\/www.kriol.es\/wp-content\/uploads\/2024\/11\/Kriol.jpg\",\"contentUrl\":\"https:\/\/www.kriol.es\/wp-content\/uploads\/2024\/11\/Kriol.jpg\",\"width\":1200,\"height\":1200,\"caption\":\"Kriol Produccions\"},\"image\":{\"@id\":\"https:\/\/www.kriol.es\/#\/schema\/logo\/image\/\"}}]}<\/script>\n<!-- \/ Yoast SEO plugin. -->","yoast_head_json":{"title":"Kriol Produccions | Productora Audiovisual en Castell\u00f3n","description":"Kriol Produccions somos una productora audiovisual en Castell\u00f3n, convertimos tus ideas en historias que cautivan y conectan.","robots":{"index":"index","follow":"follow","max-snippet":"max-snippet:-1","max-image-preview":"max-image-preview:large","max-video-preview":"max-video-preview:-1"},"canonical":"https:\/\/www.kriol.es\/en\/","og_locale":"en_US","og_type":"article","og_title":"Kriol Produccions | Productora Audiovisual en Castell\u00f3n","og_description":"Kriol Produccions somos una productora audiovisual en Castell\u00f3n, convertimos tus ideas en historias que cautivan y conectan.","og_url":"https:\/\/www.kriol.es\/en\/","og_site_name":"Kriol Produccions","article_modified_time":"2025-03-24T23:26:21+00:00","og_image":[{"width":1200,"height":1200,"url":"https:\/\/www.kriol.es\/wp-content\/uploads\/2024\/11\/Kriol.jpg","type":"image\/jpeg"}],"twitter_card":"summary_large_image","twitter_misc":{"Est. reading time":"3 minutes"},"schema":{"@context":"https:\/\/schema.org","@graph":[{"@type":"WebPage","@id":"https:\/\/www.kriol.es\/","url":"https:\/\/www.kriol.es\/","name":"Kriol Produccions | Productora Audiovisual en Castell\u00f3n","isPartOf":{"@id":"https:\/\/www.kriol.es\/#website"},"primaryImageOfPage":{"@id":"https:\/\/www.kriol.es\/#primaryimage"},"image":{"@id":"https:\/\/www.kriol.es\/#primaryimage"},"thumbnailUrl":"https:\/\/www.kriol.es\/wp-content\/uploads\/2024\/11\/Kriol.jpg","datePublished":"2024-11-07T18:44:01+00:00","dateModified":"2025-03-24T23:26:21+00:00","description":"Kriol Produccions somos una productora audiovisual en Castell\u00f3n, convertimos tus ideas en historias que cautivan y conectan.","breadcrumb":{"@id":"https:\/\/www.kriol.es\/#breadcrumb"},"inLanguage":"en-US","potentialAction":[{"@type":"ReadAction","target":["https:\/\/www.kriol.es\/"]}]},{"@type":"ImageObject","inLanguage":"en-US","@id":"https:\/\/www.kriol.es\/#primaryimage","url":"https:\/\/www.kriol.es\/wp-content\/uploads\/2024\/11\/Kriol.jpg","contentUrl":"https:\/\/www.kriol.es\/wp-content\/uploads\/2024\/11\/Kriol.jpg","width":1200,"height":1200,"caption":"Productora Audiovisual en Castell\u00f3n"},{"@type":"BreadcrumbList","@id":"https:\/\/www.kriol.es\/#breadcrumb","itemListElement":[{"@type":"ListItem","position":1,"name":"Portada","item":"https:\/\/www.kriol.es\/"},{"@type":"ListItem","position":2,"name":"Inicio"}]},{"@type":"WebSite","@id":"https:\/\/www.kriol.es\/#website","url":"https:\/\/www.kriol.es\/","name":"Kriol Produccions","description":"S\u00f3lo otro sitio de WordPress","publisher":{"@id":"https:\/\/www.kriol.es\/#organization"},"potentialAction":[{"@type":"SearchAction","target":{"@type":"EntryPoint","urlTemplate":"https:\/\/www.kriol.es\/?s={search_term_string}"},"query-input":{"@type":"PropertyValueSpecification","valueRequired":true,"valueName":"search_term_string"}}],"inLanguage":"en-US"},{"@type":"Organization","@id":"https:\/\/www.kriol.es\/#organization","name":"Kriol Produccions","url":"https:\/\/www.kriol.es\/","logo":{"@type":"ImageObject","inLanguage":"en-US","@id":"https:\/\/www.kriol.es\/#\/schema\/logo\/image\/","url":"https:\/\/www.kriol.es\/wp-content\/uploads\/2024\/11\/Kriol.jpg","contentUrl":"https:\/\/www.kriol.es\/wp-content\/uploads\/2024\/11\/Kriol.jpg","width":1200,"height":1200,"caption":"Kriol Produccions"},"image":{"@id":"https:\/\/www.kriol.es\/#\/schema\/logo\/image\/"}}]}},"_links":{"self":[{"href":"https:\/\/www.kriol.es\/en\/wp-json\/wp\/v2\/pages\/13"}],"collection":[{"href":"https:\/\/www.kriol.es\/en\/wp-json\/wp\/v2\/pages"}],"about":[{"href":"https:\/\/www.kriol.es\/en\/wp-json\/wp\/v2\/types\/page"}],"author":[{"embeddable":true,"href":"https:\/\/www.kriol.es\/en\/wp-json\/wp\/v2\/users\/1"}],"replies":[{"embeddable":true,"href":"https:\/\/www.kriol.es\/en\/wp-json\/wp\/v2\/comments?post=13"}],"version-history":[{"count":21,"href":"https:\/\/www.kriol.es\/en\/wp-json\/wp\/v2\/pages\/13\/revisions"}],"predecessor-version":[{"id":98,"href":"https:\/\/www.kriol.es\/en\/wp-json\/wp\/v2\/pages\/13\/revisions\/98"}],"wp:featuredmedia":[{"embeddable":true,"href":"https:\/\/www.kriol.es\/en\/wp-json\/wp\/v2\/media\/16"}],"wp:attachment":[{"href":"https:\/\/www.kriol.es\/en\/wp-json\/wp\/v2\/media?parent=13"}],"curies":[{"name":"wp","href":"https:\/\/api.w.org\/{rel}","templated":true}]}}