{"id":113,"date":"2025-04-03T15:06:41","date_gmt":"2025-04-03T15:06:41","guid":{"rendered":"https:\/\/www.kriol.es\/?page_id=113"},"modified":"2025-04-03T15:09:49","modified_gmt":"2025-04-03T15:09:49","slug":"accesibilidad","status":"publish","type":"page","link":"https:\/\/www.kriol.es\/en\/accesibilidad\/","title":{"rendered":"Declaraci\u00f3n de accesibilidad"},"content":{"rendered":"<section class=\"l-section wpb_row height_large\"><div class=\"l-section-h i-cf\"><div class=\"g-cols vc_row via_flex valign_top type_default stacking_default\"><div class=\"vc_col-sm-12 wpb_column vc_column_container\"><div class=\"vc_column-inner\"><div class=\"wpb_wrapper\"><div class=\"wpb_text_column us_custom_686d645b has_text_color\"><div class=\"wpb_wrapper\"><p>Declaraci\u00f3n de accesibilidad<\/p>\n<\/div><\/div><div class=\"w-separator size_small\"><\/div><div class=\"wpb_text_column\"><div class=\"wpb_wrapper\"><p>La presente declaraci\u00f3n de accesibilidad se aplica al sitio web https:\/\/www.kriol.es\/:<\/p>\n<p><strong>SITUACI\u00d3N DE CUMPLIMIENTO<\/strong><\/p>\n<p>Este sitio web es parcialmente conforme con el\u00a0<a href=\"http:\/\/www.boe.es\/diario_boe\/txt.php?id=BOE-A-2018-12699\"><strong>RD 1112\/2018<\/strong><\/a>\u00a0debido a las excepciones y a la falta de conformidad de los aspectos que se indican en el siguiente punto.<\/p>\n<p><strong>CONTENIDO NO ACCESIBLE<\/strong><\/p>\n<p>El contenido que se recoge a continuaci\u00f3n no es accesible por lo siguiente:<\/p>\n<ul>\n<li>Falta de conformidad con el RD 1112\/2018<\/li>\n<\/ul>\n<p>Podr\u00edan existir algunos aspectos de contraste que no cumplan los m\u00ednimos exigidos, 3:1, con respecto a los colores adyacentes del fondo de la secci\u00f3n de la web en cuesti\u00f3n. [9.1.4.11 Contraste no textual]<\/p>\n<p>Podr\u00edan existir algunas etiquetas o instrucciones no etiquetadas correctamente [9.3.3.2 Etiquetas o instrucciones]<\/p>\n<p>Podr\u00edan no existir mecanismos para revisar, confirmar y corregir la informaci\u00f3n antes de finalizar el env\u00edo de datos. [9.3.3.4 Etiquetas o instrucciones]<\/p>\n<ul>\n<li>Podr\u00edan existir fallos puntuales de edici\u00f3n en alguna p\u00e1gina web<\/li>\n<\/ul>\n<p>Carga desproporcionada<\/p>\n<p>No aplica.<\/p>\n<p><strong>PREPARACI\u00d3N DE LA SIGUIENTE DECLARACI\u00d3N DE ACCESIBILIDAD<\/strong><\/p>\n<p>La presente declaraci\u00f3n fue preparada el 03 de abril de 2025.<\/p>\n<p>El m\u00e9todo empleado para preparar la declaraci\u00f3n ha sido una autoevaluaci\u00f3n llevada a cabo por la propia empresa.<\/p>\n<p><strong>OBSERVACIONES Y DATOS DE CONTACTO<\/strong><\/p>\n<p>Puede realizar comunicaciones sobre requisitos de accesibilidad (art\u00edculo 10.2.a del RD 1112\/2018) como, por ejemplo:<\/p>\n<ul>\n<li>Informar sobre cualquier posible incumplimiento por parte de este sitio web<\/li>\n<li>Transmitir otras dificultades de acceso al contenido<\/li>\n<li>Formular cualquier otra consulta o sugerencia de mejora relativa a la accesibilidad del sitio web<\/li>\n<\/ul>\n<p>A trav\u00e9s del\u00a0email de contacto info@kriol.es.<\/p>\n<p>Puede presentar:<\/p>\n<ul>\n<li><strong>Queja\u00a0<\/strong>relativa al cumplimiento de los requisitos del RD 1112\/2018 o<\/li>\n<li><strong>Solicitud de Informaci\u00f3n accesible<\/strong>relativa a:<\/li>\n<\/ul>\n<p>Contenidos\u00a0que est\u00e1n\u00a0excluidos\u00a0del\u00a0\u00e1mbito de aplicaci\u00f3n\u00a0del RD 1112\/2018 seg\u00fan lo establecido por el art\u00edculo 3, apartado 4<\/p>\n<p>Contenidos\u00a0que est\u00e1n\u00a0exentos\u00a0del\u00a0cumplimiento\u00a0de los requisitos de accesibilidad por imponer una\u00a0carga desproporcionada.<\/p>\n<p>En la Solicitud de informaci\u00f3n accesible, se debe concretar, con toda claridad, los hechos, razones y petici\u00f3n que permitan constatar que se trata de una solicitud razonable y leg\u00edtima.<\/p>\n<p>Las quejas y reclamaciones sobre informaci\u00f3n accesible\u00a0se realizar\u00e1n a trav\u00e9s del email anterior.<\/p>\n<p><strong>PROCEDIMIENTO DE APLICACI\u00d3N<\/strong><\/p>\n<p>Si una vez realizada una solicitud de informaci\u00f3n accesible o queja, \u00e9sta hubiera sido desestimada, no se estuviera de acuerdo con la decisi\u00f3n adoptada, o la respuesta no cumpliera los requisitos contemplados en el art\u00edculo 12.5, la persona interesada podr\u00e1 iniciar una reclamaci\u00f3n. Igualmente se podr\u00e1 iniciar una reclamaci\u00f3n en el caso de que haya transcurrido el plazo de veinte d\u00edas h\u00e1biles sin haber obtenido respuesta.<\/p>\n<\/div><\/div><\/div><\/div><\/div><\/div><\/div><\/section>","protected":false},"excerpt":{"rendered":"Declaraci\u00f3n de accesibilidad La presente declaraci\u00f3n de accesibilidad se aplica al sitio web https:\/\/www.kriol.es\/: SITUACI\u00d3N DE CUMPLIMIENTO Este sitio web es parcialmente conforme con el\u00a0RD 1112\/2018\u00a0debido a las excepciones y a la falta de conformidad de los aspectos que se indican en el siguiente punto. CONTENIDO NO ACCESIBLE El contenido que se recoge a continuaci\u00f3n...","protected":false},"author":1,"featured_media":0,"parent":0,"menu_order":0,"comment_status":"closed","ping_status":"closed","template":"","meta":{"footnotes":""},"class_list":["post-113","page","type-page","status-publish","hentry"],"yoast_head":"<!-- This site is optimized with the Yoast SEO plugin v24.7 - https:\/\/yoast.com\/wordpress\/plugins\/seo\/ -->\n<title>Kriol Produccions | Declaraci\u00f3n de accesibilidad<\/title>\n<meta name=\"robots\" content=\"index, follow, max-snippet:-1, max-image-preview:large, max-video-preview:-1\" \/>\n<link rel=\"canonical\" href=\"https:\/\/www.kriol.es\/en\/accesibilidad\/\" \/>\n<meta property=\"og:locale\" content=\"en_US\" \/>\n<meta property=\"og:type\" content=\"article\" \/>\n<meta property=\"og:title\" content=\"Kriol Produccions | Declaraci\u00f3n de accesibilidad\" \/>\n<meta property=\"og:url\" content=\"https:\/\/www.kriol.es\/en\/accesibilidad\/\" \/>\n<meta property=\"og:site_name\" content=\"Kriol Produccions\" \/>\n<meta property=\"article:modified_time\" content=\"2025-04-03T15:09:49+00:00\" \/>\n<meta name=\"twitter:card\" content=\"summary_large_image\" \/>\n<meta name=\"twitter:label1\" content=\"Est. reading time\" \/>\n\t<meta name=\"twitter:data1\" content=\"2 minutes\" \/>\n<script type=\"application\/ld+json\" class=\"yoast-schema-graph\">{\"@context\":\"https:\/\/schema.org\",\"@graph\":[{\"@type\":\"WebPage\",\"@id\":\"https:\/\/www.kriol.es\/accesibilidad\/\",\"url\":\"https:\/\/www.kriol.es\/accesibilidad\/\",\"name\":\"Kriol Produccions | Declaraci\u00f3n de accesibilidad\",\"isPartOf\":{\"@id\":\"https:\/\/www.kriol.es\/#website\"},\"datePublished\":\"2025-04-03T15:06:41+00:00\",\"dateModified\":\"2025-04-03T15:09:49+00:00\",\"breadcrumb\":{\"@id\":\"https:\/\/www.kriol.es\/accesibilidad\/#breadcrumb\"},\"inLanguage\":\"en-US\",\"potentialAction\":[{\"@type\":\"ReadAction\",\"target\":[\"https:\/\/www.kriol.es\/accesibilidad\/\"]}]},{\"@type\":\"BreadcrumbList\",\"@id\":\"https:\/\/www.kriol.es\/accesibilidad\/#breadcrumb\",\"itemListElement\":[{\"@type\":\"ListItem\",\"position\":1,\"name\":\"Portada\",\"item\":\"https:\/\/www.kriol.es\/\"},{\"@type\":\"ListItem\",\"position\":2,\"name\":\"Declaraci\u00f3n de accesibilidad\"}]},{\"@type\":\"WebSite\",\"@id\":\"https:\/\/www.kriol.es\/#website\",\"url\":\"https:\/\/www.kriol.es\/\",\"name\":\"Kriol Produccions\",\"description\":\"S\u00f3lo otro sitio de WordPress\",\"publisher\":{\"@id\":\"https:\/\/www.kriol.es\/#organization\"},\"potentialAction\":[{\"@type\":\"SearchAction\",\"target\":{\"@type\":\"EntryPoint\",\"urlTemplate\":\"https:\/\/www.kriol.es\/?s={search_term_string}\"},\"query-input\":{\"@type\":\"PropertyValueSpecification\",\"valueRequired\":true,\"valueName\":\"search_term_string\"}}],\"inLanguage\":\"en-US\"},{\"@type\":\"Organization\",\"@id\":\"https:\/\/www.kriol.es\/#organization\",\"name\":\"Kriol Produccions\",\"url\":\"https:\/\/www.kriol.es\/\",\"logo\":{\"@type\":\"ImageObject\",\"inLanguage\":\"en-US\",\"@id\":\"https:\/\/www.kriol.es\/#\/schema\/logo\/image\/\",\"url\":\"https:\/\/www.kriol.es\/wp-content\/uploads\/2024\/11\/Kriol.jpg\",\"contentUrl\":\"https:\/\/www.kriol.es\/wp-content\/uploads\/2024\/11\/Kriol.jpg\",\"width\":1200,\"height\":1200,\"caption\":\"Kriol Produccions\"},\"image\":{\"@id\":\"https:\/\/www.kriol.es\/#\/schema\/logo\/image\/\"}}]}<\/script>\n<!-- \/ Yoast SEO plugin. -->","yoast_head_json":{"title":"Kriol Produccions | Declaraci\u00f3n de accesibilidad","robots":{"index":"index","follow":"follow","max-snippet":"max-snippet:-1","max-image-preview":"max-image-preview:large","max-video-preview":"max-video-preview:-1"},"canonical":"https:\/\/www.kriol.es\/en\/accesibilidad\/","og_locale":"en_US","og_type":"article","og_title":"Kriol Produccions | Declaraci\u00f3n de accesibilidad","og_url":"https:\/\/www.kriol.es\/en\/accesibilidad\/","og_site_name":"Kriol Produccions","article_modified_time":"2025-04-03T15:09:49+00:00","twitter_card":"summary_large_image","twitter_misc":{"Est. reading time":"2 minutes"},"schema":{"@context":"https:\/\/schema.org","@graph":[{"@type":"WebPage","@id":"https:\/\/www.kriol.es\/accesibilidad\/","url":"https:\/\/www.kriol.es\/accesibilidad\/","name":"Kriol Produccions | Declaraci\u00f3n de accesibilidad","isPartOf":{"@id":"https:\/\/www.kriol.es\/#website"},"datePublished":"2025-04-03T15:06:41+00:00","dateModified":"2025-04-03T15:09:49+00:00","breadcrumb":{"@id":"https:\/\/www.kriol.es\/accesibilidad\/#breadcrumb"},"inLanguage":"en-US","potentialAction":[{"@type":"ReadAction","target":["https:\/\/www.kriol.es\/accesibilidad\/"]}]},{"@type":"BreadcrumbList","@id":"https:\/\/www.kriol.es\/accesibilidad\/#breadcrumb","itemListElement":[{"@type":"ListItem","position":1,"name":"Portada","item":"https:\/\/www.kriol.es\/"},{"@type":"ListItem","position":2,"name":"Declaraci\u00f3n de accesibilidad"}]},{"@type":"WebSite","@id":"https:\/\/www.kriol.es\/#website","url":"https:\/\/www.kriol.es\/","name":"Kriol Produccions","description":"S\u00f3lo otro sitio de WordPress","publisher":{"@id":"https:\/\/www.kriol.es\/#organization"},"potentialAction":[{"@type":"SearchAction","target":{"@type":"EntryPoint","urlTemplate":"https:\/\/www.kriol.es\/?s={search_term_string}"},"query-input":{"@type":"PropertyValueSpecification","valueRequired":true,"valueName":"search_term_string"}}],"inLanguage":"en-US"},{"@type":"Organization","@id":"https:\/\/www.kriol.es\/#organization","name":"Kriol Produccions","url":"https:\/\/www.kriol.es\/","logo":{"@type":"ImageObject","inLanguage":"en-US","@id":"https:\/\/www.kriol.es\/#\/schema\/logo\/image\/","url":"https:\/\/www.kriol.es\/wp-content\/uploads\/2024\/11\/Kriol.jpg","contentUrl":"https:\/\/www.kriol.es\/wp-content\/uploads\/2024\/11\/Kriol.jpg","width":1200,"height":1200,"caption":"Kriol Produccions"},"image":{"@id":"https:\/\/www.kriol.es\/#\/schema\/logo\/image\/"}}]}},"_links":{"self":[{"href":"https:\/\/www.kriol.es\/en\/wp-json\/wp\/v2\/pages\/113"}],"collection":[{"href":"https:\/\/www.kriol.es\/en\/wp-json\/wp\/v2\/pages"}],"about":[{"href":"https:\/\/www.kriol.es\/en\/wp-json\/wp\/v2\/types\/page"}],"author":[{"embeddable":true,"href":"https:\/\/www.kriol.es\/en\/wp-json\/wp\/v2\/users\/1"}],"replies":[{"embeddable":true,"href":"https:\/\/www.kriol.es\/en\/wp-json\/wp\/v2\/comments?post=113"}],"version-history":[{"count":4,"href":"https:\/\/www.kriol.es\/en\/wp-json\/wp\/v2\/pages\/113\/revisions"}],"predecessor-version":[{"id":118,"href":"https:\/\/www.kriol.es\/en\/wp-json\/wp\/v2\/pages\/113\/revisions\/118"}],"wp:attachment":[{"href":"https:\/\/www.kriol.es\/en\/wp-json\/wp\/v2\/media?parent=113"}],"curies":[{"name":"wp","href":"https:\/\/api.w.org\/{rel}","templated":true}]}}